{"id":316,"date":"2025-06-20T19:35:16","date_gmt":"2025-06-20T19:35:16","guid":{"rendered":"https:\/\/serviciocircular.umsa.bo\/?page_id=316"},"modified":"2025-06-20T19:36:37","modified_gmt":"2025-06-20T19:36:37","slug":"rediseno-y-reprocesamiento-de-productos","status":"publish","type":"page","link":"https:\/\/serviciocircular.umsa.bo\/index.php\/rediseno-y-reprocesamiento-de-productos\/","title":{"rendered":"Redise\u00f1o y Reprocesamiento de Productos"},"content":{"rendered":"\t\t<div data-elementor-type=\"wp-page\" data-elementor-id=\"316\" class=\"elementor elementor-316\" data-elementor-post-type=\"page\">\n\t\t\t\t<div class=\"elementor-element elementor-element-fe735d1 e-grid e-con-boxed e-con e-parent\" data-id=\"fe735d1\" data-element_type=\"container\">\n\t\t\t\t\t<div class=\"e-con-inner\">\n\t\t<div class=\"elementor-element elementor-element-946d65c e-con-full e-flex e-con e-child\" data-id=\"946d65c\" data-element_type=\"container\">\n\t\t\t\t<div class=\"elementor-element elementor-element-e7d9651 elementor-widget__width-initial elementor-widget-divider--view-line elementor-widget elementor-widget-divider\" data-id=\"e7d9651\" data-element_type=\"widget\" data-widget_type=\"divider.default\">\n\t\t\t\t<div class=\"elementor-widget-container\">\n\t\t\t\t\t\t\t<div class=\"elementor-divider\">\n\t\t\t<span class=\"elementor-divider-separator\">\n\t\t\t\t\t\t<\/span>\n\t\t<\/div>\n\t\t\t\t\t\t<\/div>\n\t\t\t\t<\/div>\n\t\t\t\t<div class=\"elementor-element elementor-element-9532e3c elementor-widget elementor-widget-ct_heading\" data-id=\"9532e3c\" data-element_type=\"widget\" data-widget_type=\"ct_heading.default\">\n\t\t\t\t<div class=\"elementor-widget-container\">\n\t\t\t\t\t<div id=\"ct_heading-9532e3c\" class=\"ct-heading h-align- ct-heading-left item-st-default\">\r\n\t<div class=\"ct-heading--inner\">\r\n        <div class=\"ct-inline-css\"  data-css=\"\r\n            \">\r\n        <\/div>\r\n                <h3 class=\"item--title  st-default \" data-wow-delay=\"ms\">\r\n            <span class=\"ct-text-inner\">Servicios<\/span>        <\/h3>\r\n    <\/div>\r\n<\/div>\t\t\t\t<\/div>\n\t\t\t\t<\/div>\n\t\t\t\t<div class=\"elementor-element elementor-element-4085306 elementor-widget elementor-widget-ct_navigation_menu\" data-id=\"4085306\" data-element_type=\"widget\" data-widget_type=\"ct_navigation_menu.default\">\n\t\t\t\t<div class=\"elementor-widget-container\">\n\t\t\t\t\t    <div id=\"ct_navigation_menu-4085306\" class=\"ct-navigation-menu1 default\">\r\n        <div class=\"menu-menu-servicios-container\"><ul id=\"menu-menu-servicios\" class=\"menu\"><li id=\"menu-item-328\" class=\"menu-item menu-item-type-post_type menu-item-object-page menu-item-328\"><a href=\"https:\/\/serviciocircular.umsa.bo\/index.php\/sello-circular\/\">Sello Circular<\/a><\/li>\n<li id=\"menu-item-200\" class=\"menu-item menu-item-type-post_type menu-item-object-page menu-item-200\"><a href=\"https:\/\/serviciocircular.umsa.bo\/index.php\/asistencia-tecnica-multidisciplinaria-estrategica\/\">Asistencia T\u00e9cnica Multidisciplinaria Estrat\u00e9gica<\/a><\/li>\n<li id=\"menu-item-186\" class=\"menu-item menu-item-type-post_type menu-item-object-page menu-item-186\"><a href=\"https:\/\/serviciocircular.umsa.bo\/index.php\/dia-mundial-del-reciclaje-gamlp-2\/\">Capacitaci\u00f3n y Formaci\u00f3n Especializada<\/a><\/li>\n<li id=\"menu-item-321\" class=\"menu-item menu-item-type-post_type menu-item-object-page menu-item-321\"><a href=\"https:\/\/serviciocircular.umsa.bo\/index.php\/rediseno-y-reprocesamiento-de-productos\/\">Redise\u00f1o y Reprocesamiento de Productos<\/a><\/li>\n<\/ul><\/div>    <\/div>\r\n\t\t\t\t<\/div>\n\t\t\t\t<\/div>\n\t\t\t\t<div class=\"elementor-element elementor-element-abfc12f elementor-widget-divider--view-line elementor-widget elementor-widget-divider\" data-id=\"abfc12f\" data-element_type=\"widget\" data-widget_type=\"divider.default\">\n\t\t\t\t<div class=\"elementor-widget-container\">\n\t\t\t\t\t\t\t<div class=\"elementor-divider\">\n\t\t\t<span class=\"elementor-divider-separator\">\n\t\t\t\t\t\t<\/span>\n\t\t<\/div>\n\t\t\t\t\t\t<\/div>\n\t\t\t\t<\/div>\n\t\t<div class=\"elementor-element elementor-element-be5db2a e-con-full e-flex e-con e-child\" data-id=\"be5db2a\" data-element_type=\"container\" data-settings=\"{&quot;background_background&quot;:&quot;classic&quot;}\">\n\t\t\t\t<div class=\"elementor-element elementor-element-452978a elementor-widget elementor-widget-ct_heading\" data-id=\"452978a\" data-element_type=\"widget\" data-widget_type=\"ct_heading.default\">\n\t\t\t\t<div class=\"elementor-widget-container\">\n\t\t\t\t\t<div id=\"ct_heading-452978a\" class=\"ct-heading h-align- ct-heading-left item-st-default\">\r\n\t<div class=\"ct-heading--inner\">\r\n        <div class=\"ct-inline-css\"  data-css=\"\r\n            \">\r\n        <\/div>\r\n                <div class=\"item--title  st-default \" data-wow-delay=\"ms\">\r\n            <span class=\"ct-text-inner\">GAMLP<\/span>        <\/div>\r\n    <\/div>\r\n<\/div>\t\t\t\t<\/div>\n\t\t\t\t<\/div>\n\t\t\t\t<div class=\"elementor-element elementor-element-7e10470 elementor-widget elementor-widget-ct_heading\" data-id=\"7e10470\" data-element_type=\"widget\" data-widget_type=\"ct_heading.default\">\n\t\t\t\t<div class=\"elementor-widget-container\">\n\t\t\t\t\t<div id=\"ct_heading-7e10470\" class=\"ct-heading h-align- ct-heading-left item-st-default\">\r\n\t<div class=\"ct-heading--inner\">\r\n        <div class=\"ct-inline-css\"  data-css=\"\r\n            \">\r\n        <\/div>\r\n                <div class=\"item--title  st-default \" data-wow-delay=\"ms\">\r\n            <span class=\"ct-text-inner\">\u00a1No dudes en conectarte!<\/span>        <\/div>\r\n    <\/div>\r\n<\/div>\t\t\t\t<\/div>\n\t\t\t\t<\/div>\n\t\t\t\t<div class=\"elementor-element elementor-element-175d825 elementor-widget elementor-widget-spacer\" data-id=\"175d825\" data-element_type=\"widget\" data-widget_type=\"spacer.default\">\n\t\t\t\t<div class=\"elementor-widget-container\">\n\t\t\t\t\t\t\t<div class=\"elementor-spacer\">\n\t\t\t<div class=\"elementor-spacer-inner\"><\/div>\n\t\t<\/div>\n\t\t\t\t\t\t<\/div>\n\t\t\t\t<\/div>\n\t\t\t\t<div class=\"elementor-element elementor-element-fcf3ed2 elementor-widget elementor-widget-ct_download\" data-id=\"fcf3ed2\" data-element_type=\"widget\" data-widget_type=\"ct_download.default\">\n\t\t\t\t<div class=\"elementor-widget-container\">\n\t\t\t\t\t    <div class=\"ct-download\">\r\n                    <div class=\"item--download\">\r\n                <a >\r\n                    <span>Brochure<\/span>\r\n                    <i aria-hidden=\"true\" class=\"flaticon flaticon-pdf\"><\/i>                                \t<\/a>\r\n           <\/div>\r\n                    <div class=\"item--download\">\r\n                <a href=\"https:\/\/serviciocircular.umsa.bo\/contactos\/\" target=\"_blank\">\r\n                    <span>Contactanos<\/span>\r\n                    <i aria-hidden=\"true\" class=\"material zmdi zmdi-email-open\"><\/i>                                \t<\/a>\r\n           <\/div>\r\n            <\/div>\r\n\t\t\t\t<\/div>\n\t\t\t\t<\/div>\n\t\t\t\t<\/div>\n\t\t\t\t<\/div>\n\t\t<div class=\"elementor-element elementor-element-5169fd7 e-con-full e-flex e-con e-child\" data-id=\"5169fd7\" data-element_type=\"container\">\n\t\t\t\t<div class=\"elementor-element elementor-element-5272a3f elementor-widget elementor-widget-ct_image\" data-id=\"5272a3f\" data-element_type=\"widget\" data-widget_type=\"ct_image.default\">\n\t\t\t\t<div class=\"elementor-widget-container\">\n\t\t\t\t\t<div class=\"ct-image-single ct-no-effect  \">\r\n                        <img fetchpriority=\"high\" decoding=\"async\" width=\"1280\" height=\"427\" src=\"https:\/\/serviciocircular.umsa.bo\/wp-content\/uploads\/2025\/06\/photo_2022-07-07_11-47-56.jpg\" class=\"attachment-full\" alt=\"\" \/>            <\/div>\t\t\t\t<\/div>\n\t\t\t\t<\/div>\n\t\t\t\t<div class=\"elementor-element elementor-element-93dc4d2 elementor-widget elementor-widget-ct_text_editor\" data-id=\"93dc4d2\" data-element_type=\"widget\" data-widget_type=\"ct_text_editor.default\">\n\t\t\t\t<div class=\"elementor-widget-container\">\n\t\t\t\t\t<div id=\"ct_text_editor-93dc4d2\" class=\"ct-text-editor \" data-wow-delay=\"ms\">\n\t<div class=\"ct-item--inner\">\n\t\t<div class=\"ct-inline-css\"  data-css=\"\n\t        \t\t\t\">\n\n\t    <\/div>\n\t\t<div class=\"ct-text-editor elementor-clearfix\">\n\t\t\t<p>\u00a0<\/p><p><span style=\"letter-spacing: 0px\">Con nosotros podr\u00e1 transformar sus residuos en dinero, a partir de un modelo de industria circular, donde la materia prima tiene un costo residual. Somos expertos en:<\/span><\/p><ul><li>Uso de materiales reciclables en los flujos de producci\u00f3n.<\/li><li>Dise\u00f1o y desarrollo de productos amigables con el medio ambiente<\/li><li>Dise\u00f1o y construcci\u00f3n de equipos para procesos industriales circulares.<\/li><li>Adecuaci\u00f3n y automatizaci\u00f3n de l\u00edneas de producci\u00f3n con enfoque en eficiencia energ\u00e9tica e h\u00eddrica.<\/li><li>Dise\u00f1o y fabricaci\u00f3n de partes, sistemas, mecanismos y m\u00e1quinas para procesos sostenibles.<\/li><li>Dise\u00f1o y desarrollo de procesos de reciclado y revalorizaci\u00f3n de residuos.<\/li><li>Dise\u00f1o, construcci\u00f3n, montaje y puesta en marcha para plantas industriales de sistemas electromec\u00e1nicos eficientes y sostenibles, a partir de materiales reciclables y residuos aprovechables.<\/li><\/ul>\t\t\n\t\t<\/div>\n\t<\/div>\n<\/div>\t\t\t\t<\/div>\n\t\t\t\t<\/div>\n\t\t\t\t<\/div>\n\t\t\t\t\t<\/div>\n\t\t\t\t<\/div>\n\t\t\t\t<\/div>\n\t\t","protected":false},"excerpt":{"rendered":"<p>Servicios Sello Circular Asistencia T\u00e9cnica Multidisciplinaria Estrat\u00e9gica Capacitaci\u00f3n y Formaci\u00f3n Especializada Redise\u00f1o y Reprocesamiento de Productos GAMLP \u00a1No dudes en conectarte! Brochure Contactanos \u00a0 Con nosotros podr\u00e1 transformar sus residuos en dinero, a partir de un modelo de industria circular, donde la materia prima tiene un costo residual. Somos expertos en: Uso de materiales reciclables [&hellip;]<\/p>\n","protected":false},"author":2,"featured_media":0,"parent":0,"menu_order":0,"comment_status":"closed","ping_status":"closed","template":"","meta":{"footnotes":""},"class_list":["post-316","page","type-page","status-publish","hentry"],"_links":{"self":[{"href":"https:\/\/serviciocircular.umsa.bo\/index.php\/wp-json\/wp\/v2\/pages\/316","targetHints":{"allow":["GET"]}}],"collection":[{"href":"https:\/\/serviciocircular.umsa.bo\/index.php\/wp-json\/wp\/v2\/pages"}],"about":[{"href":"https:\/\/serviciocircular.umsa.bo\/index.php\/wp-json\/wp\/v2\/types\/page"}],"author":[{"embeddable":true,"href":"https:\/\/serviciocircular.umsa.bo\/index.php\/wp-json\/wp\/v2\/users\/2"}],"replies":[{"embeddable":true,"href":"https:\/\/serviciocircular.umsa.bo\/index.php\/wp-json\/wp\/v2\/comments?post=316"}],"version-history":[{"count":4,"href":"https:\/\/serviciocircular.umsa.bo\/index.php\/wp-json\/wp\/v2\/pages\/316\/revisions"}],"predecessor-version":[{"id":320,"href":"https:\/\/serviciocircular.umsa.bo\/index.php\/wp-json\/wp\/v2\/pages\/316\/revisions\/320"}],"wp:attachment":[{"href":"https:\/\/serviciocircular.umsa.bo\/index.php\/wp-json\/wp\/v2\/media?parent=316"}],"curies":[{"name":"wp","href":"https:\/\/api.w.org\/{rel}","templated":true}]}}