{"id":299,"date":"2025-06-20T19:07:26","date_gmt":"2025-06-20T19:07:26","guid":{"rendered":"https:\/\/serviciocircular.umsa.bo\/?page_id=299"},"modified":"2025-06-20T19:11:08","modified_gmt":"2025-06-20T19:11:08","slug":"instituto-de-investigaciones-y-desarrollo-de-procesos-quimicos","status":"publish","type":"page","link":"https:\/\/serviciocircular.umsa.bo\/index.php\/instituto-de-investigaciones-y-desarrollo-de-procesos-quimicos\/","title":{"rendered":"Instituto de Investigaciones y Desarrollo de Procesos Qu\u00edmicos"},"content":{"rendered":"\t\t<div data-elementor-type=\"wp-page\" data-elementor-id=\"299\" class=\"elementor elementor-299\" data-elementor-post-type=\"page\">\n\t\t\t\t<div class=\"elementor-element elementor-element-d8a793d e-grid e-con-boxed e-con e-parent\" data-id=\"d8a793d\" data-element_type=\"container\">\n\t\t\t\t\t<div class=\"e-con-inner\">\n\t\t\t\t<div class=\"elementor-element elementor-element-a681df2 elementor-widget elementor-widget-ct_image\" data-id=\"a681df2\" data-element_type=\"widget\" data-widget_type=\"ct_image.default\">\n\t\t\t\t<div class=\"elementor-widget-container\">\n\t\t\t\t\t<div class=\"ct-image-single ct-no-effect  \">\r\n                        <img fetchpriority=\"high\" decoding=\"async\" width=\"2048\" height=\"1536\" src=\"https:\/\/serviciocircular.umsa.bo\/wp-content\/uploads\/2025\/06\/70631154_121377135921621_4076449182569725952_n.jpg\" class=\"attachment-full\" alt=\"\" \/>            <\/div>\t\t\t\t<\/div>\n\t\t\t\t<\/div>\n\t\t\t\t<div class=\"elementor-element elementor-element-dea3be9 elementor-widget elementor-widget-ct_text_editor\" data-id=\"dea3be9\" data-element_type=\"widget\" data-widget_type=\"ct_text_editor.default\">\n\t\t\t\t<div class=\"elementor-widget-container\">\n\t\t\t\t\t<div id=\"ct_text_editor-dea3be9\" class=\"ct-text-editor \" data-wow-delay=\"ms\">\n\t<div class=\"ct-item--inner\">\n\t\t<div class=\"ct-inline-css\"  data-css=\"\n\t        \t\t\t\">\n\n\t    <\/div>\n\t\t<div class=\"ct-text-editor elementor-clearfix\">\n\t\t\t<p>El Instituto de Investigaci\u00f3n y Desarrollo de Procesos Qu\u00edmicos (IIDEPROQ) es una unidad dependiente de la Carrera de Ingenier\u00eda Qu\u00edmica y sus programas de Ingenier\u00eda Ambiental, Alimentos y Petroqu\u00edmica de la Facultad de Ingenier\u00eda de la Universidad Mayor de San Andr\u00e9s (UMSA). Fue creado el 7 de Julio de 1994 mediante resoluci\u00f3n HCU 081\/94, durante sus primeros 10 a\u00f1os de existencia funcion\u00f3 en las instalaciones del Obelisco de la Facultad de Ingenier\u00eda, y en Julio de 2014 se inauguraron las nuevas instalaciones del IIDEPROQ en el Campus UMSA de Cota Cota en La Paz. Actualmente, se constituye en uno de los m\u00e1s importantes institutos de investigaci\u00f3n de la Facultad de Ingenier\u00eda de la Universidad Mayor de San Andr\u00e9s<\/p>\t\t\n\t\t<\/div>\n\t<\/div>\n<\/div>\t\t\t\t<\/div>\n\t\t\t\t<\/div>\n\t\t<div class=\"elementor-element elementor-element-83c99f9 e-grid e-con-full e-con e-child\" data-id=\"83c99f9\" data-element_type=\"container\">\n\t\t\t\t<div class=\"elementor-element elementor-element-50986ef elementor-widget elementor-widget-ct_heading\" data-id=\"50986ef\" data-element_type=\"widget\" data-widget_type=\"ct_heading.default\">\n\t\t\t\t<div class=\"elementor-widget-container\">\n\t\t\t\t\t<div id=\"ct_heading-50986ef\" class=\"ct-heading h-align- ct-heading-left item-st-default\">\r\n\t<div class=\"ct-heading--inner\">\r\n        <div class=\"ct-inline-css\"  data-css=\"\r\n            \">\r\n        <\/div>\r\n                <h3 class=\"item--title  st-default \" data-wow-delay=\"ms\">\r\n            <span class=\"ct-text-inner\">L\u00edneas de Investigaci\u00f3n<\/span>        <\/h3>\r\n    <\/div>\r\n<\/div>\t\t\t\t<\/div>\n\t\t\t\t<\/div>\n\t\t\t\t<div class=\"elementor-element elementor-element-c2fddd7 elementor-widget elementor-widget-ct_list\" data-id=\"c2fddd7\" data-element_type=\"widget\" data-widget_type=\"ct_list.default\">\n\t\t\t\t<div class=\"elementor-widget-container\">\n\t\t\t\t\t    <div class=\"ct-list\">\r\n                    <div class=\"ct-list-item \" data-wow-delay=\"ms\">\r\n                                    <div class=\"ct-list-icon\">\r\n                        <i aria-hidden=\"true\" class=\"material zmdi zmdi-check\"><\/i>                    <\/div>\r\n                            \t<div class=\"ct-list-content\">\r\n\t            \tDesarrollo y Servicios en Procesos Qu\u00edmicos \t            <\/div>\r\n           <\/div>\r\n                    <div class=\"ct-list-item \" data-wow-delay=\"ms\">\r\n                                    <div class=\"ct-list-icon\">\r\n                        <i aria-hidden=\"true\" class=\"material zmdi zmdi-check\"><\/i>                    <\/div>\r\n                            \t<div class=\"ct-list-content\">\r\n\t            \tInvestigacion en el area de la energia limpia, procesos limpios, ecosistemas\t            <\/div>\r\n           <\/div>\r\n                    <div class=\"ct-list-item \" data-wow-delay=\"ms\">\r\n                                    <div class=\"ct-list-icon\">\r\n                        <i aria-hidden=\"true\" class=\"material zmdi zmdi-check\"><\/i>                    <\/div>\r\n                            \t<div class=\"ct-list-content\">\r\n\t            \tGesti\u00f3n de residuos, Re carbonizaci\u00f3n de suelos\t            <\/div>\r\n           <\/div>\r\n                    <div class=\"ct-list-item \" data-wow-delay=\"ms\">\r\n                                    <div class=\"ct-list-icon\">\r\n                        <i aria-hidden=\"true\" class=\"material zmdi zmdi-check\"><\/i>                    <\/div>\r\n                            \t<div class=\"ct-list-content\">\r\n\t            \tCMSN \u2013 Centro de Modelaci\u00f3n y Simulaci\u00f3n Num\u00e9rica\t            <\/div>\r\n           <\/div>\r\n                    <div class=\"ct-list-item \" data-wow-delay=\"ms\">\r\n                                    <div class=\"ct-list-icon\">\r\n                        <i aria-hidden=\"true\" class=\"material zmdi zmdi-check\"><\/i>                    <\/div>\r\n                            \t<div class=\"ct-list-content\">\r\n\t            \tCPERv \u2013 Centro de Pron\u00f3stico de Energ\u00eda Renovable Variable\t            <\/div>\r\n           <\/div>\r\n            <\/div>\r\n\t\t\t\t<\/div>\n\t\t\t\t<\/div>\n\t\t\t\t<\/div>\n\t\t\t\t<div class=\"elementor-element elementor-element-9c210df elementor-widget elementor-widget-html\" data-id=\"9c210df\" data-element_type=\"widget\" data-widget_type=\"html.default\">\n\t\t\t\t<div class=\"elementor-widget-container\">\n\t\t\t\t\t<iframe title=\"Presentacion IIDEPROQ\" src=\"https:\/\/www.youtube.com\/embed\/NBH_sepHF30\" width=\"560\" height=\"325\" frameborder=\"0\" allowfullscreen=\"allowfullscreen\"><span data-mce-type=\"bookmark\" style=\"display: inline-block; width: 0px; overflow: hidden; line-height: 0;\" class=\"mce_SELRES_start\">\ufeff<\/span><\/iframe>\t\t\t\t<\/div>\n\t\t\t\t<\/div>\n\t\t\t\t\t<\/div>\n\t\t\t\t<\/div>\n\t\t\t\t<\/div>\n\t\t","protected":false},"excerpt":{"rendered":"<p>El Instituto de Investigaci\u00f3n y Desarrollo de Procesos Qu\u00edmicos (IIDEPROQ) es una unidad dependiente de la Carrera de Ingenier\u00eda Qu\u00edmica y sus programas de Ingenier\u00eda Ambiental, Alimentos y Petroqu\u00edmica de la Facultad de Ingenier\u00eda de la Universidad Mayor de San Andr\u00e9s (UMSA). Fue creado el 7 de Julio de 1994 mediante resoluci\u00f3n HCU 081\/94, durante [&hellip;]<\/p>\n","protected":false},"author":2,"featured_media":0,"parent":0,"menu_order":0,"comment_status":"closed","ping_status":"closed","template":"","meta":{"footnotes":""},"class_list":["post-299","page","type-page","status-publish","hentry"],"_links":{"self":[{"href":"https:\/\/serviciocircular.umsa.bo\/index.php\/wp-json\/wp\/v2\/pages\/299","targetHints":{"allow":["GET"]}}],"collection":[{"href":"https:\/\/serviciocircular.umsa.bo\/index.php\/wp-json\/wp\/v2\/pages"}],"about":[{"href":"https:\/\/serviciocircular.umsa.bo\/index.php\/wp-json\/wp\/v2\/types\/page"}],"author":[{"embeddable":true,"href":"https:\/\/serviciocircular.umsa.bo\/index.php\/wp-json\/wp\/v2\/users\/2"}],"replies":[{"embeddable":true,"href":"https:\/\/serviciocircular.umsa.bo\/index.php\/wp-json\/wp\/v2\/comments?post=299"}],"version-history":[{"count":4,"href":"https:\/\/serviciocircular.umsa.bo\/index.php\/wp-json\/wp\/v2\/pages\/299\/revisions"}],"predecessor-version":[{"id":304,"href":"https:\/\/serviciocircular.umsa.bo\/index.php\/wp-json\/wp\/v2\/pages\/299\/revisions\/304"}],"wp:attachment":[{"href":"https:\/\/serviciocircular.umsa.bo\/index.php\/wp-json\/wp\/v2\/media?parent=299"}],"curies":[{"name":"wp","href":"https:\/\/api.w.org\/{rel}","templated":true}]}}