{"id":152,"date":"2025-06-20T16:17:39","date_gmt":"2025-06-20T16:17:39","guid":{"rendered":"https:\/\/serviciocircular.umsa.bo\/?page_id=152"},"modified":"2025-06-20T16:41:30","modified_gmt":"2025-06-20T16:41:30","slug":"dia-mundial-del-reciclaje-gamlp","status":"publish","type":"page","link":"https:\/\/serviciocircular.umsa.bo\/index.php\/dia-mundial-del-reciclaje-gamlp\/","title":{"rendered":"Dia Mundial del Reciclaje GAMLP"},"content":{"rendered":"\t\t<div data-elementor-type=\"wp-page\" data-elementor-id=\"152\" class=\"elementor elementor-152\" data-elementor-post-type=\"page\">\n\t\t\t\t<div class=\"elementor-element elementor-element-9cda40c e-grid e-con-boxed e-con e-parent\" data-id=\"9cda40c\" data-element_type=\"container\">\n\t\t\t\t\t<div class=\"e-con-inner\">\n\t\t<div class=\"elementor-element elementor-element-e92b6c0 e-con-full e-flex e-con e-child\" data-id=\"e92b6c0\" data-element_type=\"container\">\n\t\t\t\t<div class=\"elementor-element elementor-element-3e33f37 elementor-widget-divider--view-line elementor-widget elementor-widget-divider\" data-id=\"3e33f37\" data-element_type=\"widget\" data-widget_type=\"divider.default\">\n\t\t\t\t<div class=\"elementor-widget-container\">\n\t\t\t\t\t\t\t<div class=\"elementor-divider\">\n\t\t\t<span class=\"elementor-divider-separator\">\n\t\t\t\t\t\t<\/span>\n\t\t<\/div>\n\t\t\t\t\t\t<\/div>\n\t\t\t\t<\/div>\n\t\t\t\t<div class=\"elementor-element elementor-element-11b6ae4 elementor-widget elementor-widget-ct_heading\" data-id=\"11b6ae4\" data-element_type=\"widget\" data-widget_type=\"ct_heading.default\">\n\t\t\t\t<div class=\"elementor-widget-container\">\n\t\t\t\t\t<div id=\"ct_heading-11b6ae4\" class=\"ct-heading h-align- ct-heading-left item-st-default\">\r\n\t<div class=\"ct-heading--inner\">\r\n        <div class=\"ct-inline-css\"  data-css=\"\r\n            \">\r\n        <\/div>\r\n                <h3 class=\"item--title  st-default \" data-wow-delay=\"ms\">\r\n            <span class=\"ct-text-inner\">Dia Mundial del Reciclaje<\/span>        <\/h3>\r\n    <\/div>\r\n<\/div>\t\t\t\t<\/div>\n\t\t\t\t<\/div>\n\t\t\t\t<div class=\"elementor-element elementor-element-f09b5b7 elementor-widget elementor-widget-ct_navigation_menu\" data-id=\"f09b5b7\" data-element_type=\"widget\" data-widget_type=\"ct_navigation_menu.default\">\n\t\t\t\t<div class=\"elementor-widget-container\">\n\t\t\t\t\t    <div id=\"ct_navigation_menu-f09b5b7\" class=\"ct-navigation-menu1 default\">\r\n        <div class=\"menu-menu-stand-container\"><ul id=\"menu-menu-stand\" class=\"menu\"><li id=\"menu-item-335\" class=\"menu-item menu-item-type-post_type menu-item-object-page menu-item-335\"><a href=\"https:\/\/serviciocircular.umsa.bo\/index.php\/stand-dia-mundial-del-reciclaje\/\">STAND Dia Mundial del Reciclaje<\/a><\/li>\n<li id=\"menu-item-277\" class=\"menu-item menu-item-type-post_type menu-item-object-page menu-item-277\"><a href=\"https:\/\/serviciocircular.umsa.bo\/index.php\/galeria-de-videos-dia-verde\/\">Galer\u00eda de Videos Dia Verde<\/a><\/li>\n<li id=\"menu-item-278\" class=\"menu-item menu-item-type-post_type menu-item-object-page menu-item-278\"><a href=\"https:\/\/serviciocircular.umsa.bo\/index.php\/galeria-de-imagenes-dia-verde\/\">Galer\u00eda de Im\u00e1genes D\u00eda Verde<\/a><\/li>\n<li id=\"menu-item-279\" class=\"menu-item menu-item-type-post_type menu-item-object-page menu-item-279\"><a href=\"https:\/\/serviciocircular.umsa.bo\/index.php\/dia-mundial-del-reciclaje-gamlp\/\">Dia Mundial del Reciclaje GAMLP<\/a><\/li>\n<\/ul><\/div>    <\/div>\r\n\t\t\t\t<\/div>\n\t\t\t\t<\/div>\n\t\t\t\t<div class=\"elementor-element elementor-element-e5ffed8 elementor-widget-divider--view-line elementor-widget elementor-widget-divider\" data-id=\"e5ffed8\" data-element_type=\"widget\" data-widget_type=\"divider.default\">\n\t\t\t\t<div class=\"elementor-widget-container\">\n\t\t\t\t\t\t\t<div class=\"elementor-divider\">\n\t\t\t<span class=\"elementor-divider-separator\">\n\t\t\t\t\t\t<\/span>\n\t\t<\/div>\n\t\t\t\t\t\t<\/div>\n\t\t\t\t<\/div>\n\t\t<div class=\"elementor-element elementor-element-87d0ef7 e-con-full e-flex e-con e-child\" data-id=\"87d0ef7\" data-element_type=\"container\" data-settings=\"{&quot;background_background&quot;:&quot;classic&quot;}\">\n\t\t\t\t<div class=\"elementor-element elementor-element-98baa6f elementor-widget elementor-widget-ct_heading\" data-id=\"98baa6f\" data-element_type=\"widget\" data-widget_type=\"ct_heading.default\">\n\t\t\t\t<div class=\"elementor-widget-container\">\n\t\t\t\t\t<div id=\"ct_heading-98baa6f\" class=\"ct-heading h-align- ct-heading-left item-st-default\">\r\n\t<div class=\"ct-heading--inner\">\r\n        <div class=\"ct-inline-css\"  data-css=\"\r\n            \">\r\n        <\/div>\r\n                <div class=\"item--title  st-default \" data-wow-delay=\"ms\">\r\n            <span class=\"ct-text-inner\">GAMLP<\/span>        <\/div>\r\n    <\/div>\r\n<\/div>\t\t\t\t<\/div>\n\t\t\t\t<\/div>\n\t\t\t\t<div class=\"elementor-element elementor-element-1218499 elementor-widget elementor-widget-ct_heading\" data-id=\"1218499\" data-element_type=\"widget\" data-widget_type=\"ct_heading.default\">\n\t\t\t\t<div class=\"elementor-widget-container\">\n\t\t\t\t\t<div id=\"ct_heading-1218499\" class=\"ct-heading h-align- ct-heading-left item-st-default\">\r\n\t<div class=\"ct-heading--inner\">\r\n        <div class=\"ct-inline-css\"  data-css=\"\r\n            \">\r\n        <\/div>\r\n                <div class=\"item--title  st-default \" data-wow-delay=\"ms\">\r\n            <span class=\"ct-text-inner\">\u00a1No dudes en conectarte!<\/span>        <\/div>\r\n    <\/div>\r\n<\/div>\t\t\t\t<\/div>\n\t\t\t\t<\/div>\n\t\t\t\t<div class=\"elementor-element elementor-element-b863456 elementor-widget elementor-widget-spacer\" data-id=\"b863456\" data-element_type=\"widget\" data-widget_type=\"spacer.default\">\n\t\t\t\t<div class=\"elementor-widget-container\">\n\t\t\t\t\t\t\t<div class=\"elementor-spacer\">\n\t\t\t<div class=\"elementor-spacer-inner\"><\/div>\n\t\t<\/div>\n\t\t\t\t\t\t<\/div>\n\t\t\t\t<\/div>\n\t\t\t\t<div class=\"elementor-element elementor-element-815d6a1 elementor-widget elementor-widget-ct_download\" data-id=\"815d6a1\" data-element_type=\"widget\" data-widget_type=\"ct_download.default\">\n\t\t\t\t<div class=\"elementor-widget-container\">\n\t\t\t\t\t    <div class=\"ct-download\">\r\n                    <div class=\"item--download\">\r\n                <a >\r\n                    <span>Brochure<\/span>\r\n                    <i aria-hidden=\"true\" class=\"flaticon flaticon-pdf\"><\/i>                                \t<\/a>\r\n           <\/div>\r\n                    <div class=\"item--download\">\r\n                <a href=\"https:\/\/serviciocircular.umsa.bo\/contactos\/\" target=\"_blank\">\r\n                    <span>Contactanos<\/span>\r\n                    <i aria-hidden=\"true\" class=\"material zmdi zmdi-email-open\"><\/i>                                \t<\/a>\r\n           <\/div>\r\n            <\/div>\r\n\t\t\t\t<\/div>\n\t\t\t\t<\/div>\n\t\t\t\t<\/div>\n\t\t\t\t<\/div>\n\t\t<div class=\"elementor-element elementor-element-7b7ad14 e-con-full e-flex e-con e-child\" data-id=\"7b7ad14\" data-element_type=\"container\">\n\t\t\t\t<div class=\"elementor-element elementor-element-52a5830 elementor-widget elementor-widget-ct_heading\" data-id=\"52a5830\" data-element_type=\"widget\" data-widget_type=\"ct_heading.default\">\n\t\t\t\t<div class=\"elementor-widget-container\">\n\t\t\t\t\t<div id=\"ct_heading-52a5830\" class=\"ct-heading h-align- ct-heading-left item-st-default\">\r\n\t<div class=\"ct-heading--inner\">\r\n        <div class=\"ct-inline-css\"  data-css=\"\r\n            \">\r\n        <\/div>\r\n                <h4 class=\"item--title  st-default \" data-wow-delay=\"ms\">\r\n            <span class=\"ct-text-inner\">GAMLP<\/span>        <\/h4>\r\n    <\/div>\r\n<\/div>\t\t\t\t<\/div>\n\t\t\t\t<\/div>\n\t\t\t\t<div class=\"elementor-element elementor-element-2be0760 elementor-widget elementor-widget-shortcode\" data-id=\"2be0760\" data-element_type=\"widget\" data-widget_type=\"shortcode.default\">\n\t\t\t\t<div class=\"elementor-widget-container\">\n\t\t\t\t\t\t\t<div class=\"elementor-shortcode\">\t\t\t<div \n\t\t\tclass=\"yotu-playlist yotuwp yotu-limit-min yotu-limit-max   yotu-thumb-169  yotu-template-grid\" \n\t\t\tdata-page=\"1\"\n\t\t\tid=\"yotuwp-69d4662ab5149\"\n\t\t\tdata-yotu=\"69d4662add0f4\"\n\t\t\tdata-total=\"1\"\n\t\t\tdata-settings=\"eyJ0eXBlIjoidmlkZW9zIiwiaWQiOiJQa0JodFUxVzJtNCxJQUt1MGRzbWlDbyw2Y3J3X3hnSE5FcyIsInBhZ2luYXRpb24iOiJvZmYiLCJwYWdpdHlwZSI6InBhZ2VyIiwiY29sdW1uIjoiMyIsInBlcl9wYWdlIjoiMTIiLCJ0ZW1wbGF0ZSI6ImdyaWQiLCJ0aXRsZSI6Im9mZiIsImRlc2NyaXB0aW9uIjoib2ZmIiwidGh1bWJyYXRpbyI6IjE2OSIsIm1ldGEiOiJvZmYiLCJtZXRhX2RhdGEiOiJvZmYiLCJtZXRhX3Bvc2l0aW9uIjoib2ZmIiwiZGF0ZV9mb3JtYXQiOiJvZmYiLCJtZXRhX2FsaWduIjoib2ZmIiwic3Vic2NyaWJlIjoib2ZmIiwiZHVyYXRpb24iOiJvZmYiLCJtZXRhX2ljb24iOiJvZmYiLCJuZXh0dGV4dCI6IiIsInByZXZ0ZXh0IjoiIiwibG9hZG1vcmV0ZXh0IjoiIiwicGxheWVyIjp7Im1vZGUiOiJsYXJnZSIsIndpZHRoIjoiNjAwIiwic2Nyb2xsaW5nIjoiMTAwIiwiYXV0b3BsYXkiOjAsImNvbnRyb2xzIjoxLCJtb2Rlc3RicmFuZGluZyI6MCwibG9vcCI6MCwiYXV0b25leHQiOjEsInNob3dpbmZvIjowLCJyZWwiOjAsInBsYXlpbmciOjAsInBsYXlpbmdfZGVzY3JpcHRpb24iOjAsInRodW1ibmFpbHMiOjAsImNjX2xvYWRfcG9saWN5IjowLCJjY19sYW5nX3ByZWYiOiIxIiwiaGwiOiIiLCJpdl9sb2FkX3BvbGljeSI6M30sImxhc3RfdGFiIjoiYXBpIiwidXNlX2FzX21vZGFsIjoib2ZmIiwibW9kYWxfaWQiOiJvZmYiLCJsYXN0X3VwZGF0ZSI6IjE3NTA0MzY4MDUiLCJzdHlsaW5nIjp7InBhZ2VyX2xheW91dCI6ImRlZmF1bHQiLCJidXR0b24iOiIxIiwiYnV0dG9uX2NvbG9yIjoiIiwiYnV0dG9uX2JnX2NvbG9yIjoiIiwiYnV0dG9uX2NvbG9yX2hvdmVyIjoiIiwiYnV0dG9uX2JnX2NvbG9yX2hvdmVyIjoiIiwidmlkZW9fc3R5bGUiOiIiLCJwbGF5aWNvbl9jb2xvciI6IiIsImhvdmVyX2ljb24iOiIiLCJnYWxsZXJ5X2JnIjoiIn0sImVmZmVjdHMiOnsidmlkZW9fYm94IjoiIiwiZmxpcF9lZmZlY3QiOiIifSwiZ2FsbGVyeV9pZCI6IjY5ZDQ2NjJhYjUxNDkifQ==\"\n\t\t\tdata-player=\"large\"\n\t\t\tdata-showdesc=\"off\" >\n\t\t\t\t<div>\n\t\t\t\t\t\t\t\t\t\t<div class=\"yotu-wrapper-player\" style=\"width:600px\">\n\t\t\t\t\t\t\t\t\t\t\t\t<div class=\"yotu-player\">\n\t\t\t\t\t\t\t<div class=\"yotu-video-placeholder\" id=\"yotu-player-69d4662add0f4\"><\/div>\n\t\t\t\t\t\t<\/div>\n\t\t\t\t\t\t<div class=\"yotu-playing-status\"><\/div>\n\t\t\t\t\t\t\t\t\t\t\t<\/div>\n\n\t\t\t\t\t<div class=\"yotu-videos yotu-mode-grid yotu-column-3 yotu-player-mode-large\">\n\t<ul>\n\t\t\t\t\t<li class=\" yotu-first\">\n\t\t\t\t\t\t\t\t<a href=\"#PkBhtU1W2m4\" class=\"yotu-video\" data-videoid=\"PkBhtU1W2m4\" data-title=\"GAMLP Dia Verde 2\" title=\"GAMLP Dia Verde 2\">\n\t\t\t\t\t<div class=\"yotu-video-thumb-wrp\">\n\t\t\t\t\t\t<div>\n\t\t\t\t\t\t\t\t\t\t\t\t\t\t<img decoding=\"async\" class=\"yotu-video-thumb\" src=\"https:\/\/i.ytimg.com\/vi\/PkBhtU1W2m4\/sddefault.jpg\" alt=\"GAMLP Dia Verde 2\">\t\n\t\t\t\t\t\t\t\t\t\t\t\t\t<\/div>\n\t\t\t\t\t<\/div>\n\t\t\t\t\t\t\t\t\t\t\t\t\t\t\t\t\t\t\t<\/a>\n\t\t\t\t\t\t\t<\/li>\n\t\t\t\t\n\t\t\t\t\t\t<li class=\"\">\n\t\t\t\t\t\t\t\t<a href=\"#IAKu0dsmiCo\" class=\"yotu-video\" data-videoid=\"IAKu0dsmiCo\" data-title=\"GAMLP Dia Verde 3\" title=\"GAMLP Dia Verde 3\">\n\t\t\t\t\t<div class=\"yotu-video-thumb-wrp\">\n\t\t\t\t\t\t<div>\n\t\t\t\t\t\t\t\t\t\t\t\t\t\t<img decoding=\"async\" class=\"yotu-video-thumb\" src=\"https:\/\/i.ytimg.com\/vi\/IAKu0dsmiCo\/sddefault.jpg\" alt=\"GAMLP Dia Verde 3\">\t\n\t\t\t\t\t\t\t\t\t\t\t\t\t<\/div>\n\t\t\t\t\t<\/div>\n\t\t\t\t\t\t\t\t\t\t\t\t\t\t\t\t\t\t\t<\/a>\n\t\t\t\t\t\t\t<\/li>\n\t\t\t\t\n\t\t\t\t\t\t<li class=\" yotu-last\">\n\t\t\t\t\t\t\t\t<a href=\"#6crw_xgHNEs\" class=\"yotu-video\" data-videoid=\"6crw_xgHNEs\" data-title=\"GAMLP Dia Verde 1\" title=\"GAMLP Dia Verde 1\">\n\t\t\t\t\t<div class=\"yotu-video-thumb-wrp\">\n\t\t\t\t\t\t<div>\n\t\t\t\t\t\t\t\t\t\t\t\t\t\t<img decoding=\"async\" class=\"yotu-video-thumb\" src=\"https:\/\/i.ytimg.com\/vi\/6crw_xgHNEs\/sddefault.jpg\" alt=\"GAMLP Dia Verde 1\">\t\n\t\t\t\t\t\t\t\t\t\t\t\t\t<\/div>\n\t\t\t\t\t<\/div>\n\t\t\t\t\t\t\t\t\t\t\t\t\t\t\t\t\t\t\t<\/a>\n\t\t\t\t\t\t\t<\/li>\n\t\t\t\t\n\t\t\t\t<\/ul>\n<\/div>\t\t\t\t<\/div>\n\t\t\t<\/div>\n\t\t\t<\/div>\n\t\t\t\t\t\t<\/div>\n\t\t\t\t<\/div>\n\t\t\t\t<div class=\"elementor-element elementor-element-6a26d22 elementor-widget-divider--view-line elementor-widget elementor-widget-divider\" data-id=\"6a26d22\" data-element_type=\"widget\" data-widget_type=\"divider.default\">\n\t\t\t\t<div class=\"elementor-widget-container\">\n\t\t\t\t\t\t\t<div class=\"elementor-divider\">\n\t\t\t<span class=\"elementor-divider-separator\">\n\t\t\t\t\t\t<\/span>\n\t\t<\/div>\n\t\t\t\t\t\t<\/div>\n\t\t\t\t<\/div>\n\t\t\t\t<div class=\"elementor-element elementor-element-7b1657e elementor-widget elementor-widget-ct_heading\" data-id=\"7b1657e\" data-element_type=\"widget\" data-widget_type=\"ct_heading.default\">\n\t\t\t\t<div class=\"elementor-widget-container\">\n\t\t\t\t\t<div id=\"ct_heading-7b1657e\" class=\"ct-heading h-align- ct-heading-left item-st-default\">\r\n\t<div class=\"ct-heading--inner\">\r\n        <div class=\"ct-inline-css\"  data-css=\"\r\n            \">\r\n        <\/div>\r\n                <h3 class=\"item--title  st-default \" data-wow-delay=\"ms\">\r\n            <span class=\"ct-text-inner\">Servicio Universitario Circular + GAMLP<\/span>        <\/h3>\r\n    <\/div>\r\n<\/div>\t\t\t\t<\/div>\n\t\t\t\t<\/div>\n\t\t\t\t<div class=\"elementor-element elementor-element-41d3c5f elementor-widget elementor-widget-shortcode\" data-id=\"41d3c5f\" data-element_type=\"widget\" data-widget_type=\"shortcode.default\">\n\t\t\t\t<div class=\"elementor-widget-container\">\n\t\t\t\t\t\t\t<div class=\"elementor-shortcode\">\t\t\t<div \n\t\t\tclass=\"yotu-playlist yotuwp yotu-limit-min yotu-limit-max   yotu-thumb-169  yotu-template-grid\" \n\t\t\tdata-page=\"1\"\n\t\t\tid=\"yotuwp-69d4662ade804\"\n\t\t\tdata-yotu=\"69d4662b0ff7d\"\n\t\t\tdata-total=\"1\"\n\t\t\tdata-settings=\"eyJ0eXBlIjoidmlkZW9zIiwiaWQiOiJQa0JodFUxVzJtNCxJQUt1MGRzbWlDbyw2Y3J3X3hnSE5FcyIsInBhZ2luYXRpb24iOiJvZmYiLCJwYWdpdHlwZSI6InBhZ2VyIiwiY29sdW1uIjoiMyIsInBlcl9wYWdlIjoiMTIiLCJ0ZW1wbGF0ZSI6ImdyaWQiLCJ0aXRsZSI6Im9mZiIsImRlc2NyaXB0aW9uIjoib2ZmIiwidGh1bWJyYXRpbyI6IjE2OSIsIm1ldGEiOiJvZmYiLCJtZXRhX2RhdGEiOiJvZmYiLCJtZXRhX3Bvc2l0aW9uIjoib2ZmIiwiZGF0ZV9mb3JtYXQiOiJvZmYiLCJtZXRhX2FsaWduIjoib2ZmIiwic3Vic2NyaWJlIjoib2ZmIiwiZHVyYXRpb24iOiJvZmYiLCJtZXRhX2ljb24iOiJvZmYiLCJuZXh0dGV4dCI6IiIsInByZXZ0ZXh0IjoiIiwibG9hZG1vcmV0ZXh0IjoiIiwicGxheWVyIjp7Im1vZGUiOiJsYXJnZSIsIndpZHRoIjoiNjAwIiwic2Nyb2xsaW5nIjoiMTAwIiwiYXV0b3BsYXkiOjAsImNvbnRyb2xzIjoxLCJtb2Rlc3RicmFuZGluZyI6MCwibG9vcCI6MCwiYXV0b25leHQiOjEsInNob3dpbmZvIjowLCJyZWwiOjAsInBsYXlpbmciOjAsInBsYXlpbmdfZGVzY3JpcHRpb24iOjAsInRodW1ibmFpbHMiOjAsImNjX2xvYWRfcG9saWN5IjowLCJjY19sYW5nX3ByZWYiOiIxIiwiaGwiOiIiLCJpdl9sb2FkX3BvbGljeSI6M30sImxhc3RfdGFiIjoiYXBpIiwidXNlX2FzX21vZGFsIjoib2ZmIiwibW9kYWxfaWQiOiJvZmYiLCJsYXN0X3VwZGF0ZSI6IjE3NTA0MzY4MDUiLCJzdHlsaW5nIjp7InBhZ2VyX2xheW91dCI6ImRlZmF1bHQiLCJidXR0b24iOiIxIiwiYnV0dG9uX2NvbG9yIjoiIiwiYnV0dG9uX2JnX2NvbG9yIjoiIiwiYnV0dG9uX2NvbG9yX2hvdmVyIjoiIiwiYnV0dG9uX2JnX2NvbG9yX2hvdmVyIjoiIiwidmlkZW9fc3R5bGUiOiIiLCJwbGF5aWNvbl9jb2xvciI6IiIsImhvdmVyX2ljb24iOiIiLCJnYWxsZXJ5X2JnIjoiIn0sImVmZmVjdHMiOnsidmlkZW9fYm94IjoiIiwiZmxpcF9lZmZlY3QiOiIifSwiZ2FsbGVyeV9pZCI6IjY5ZDQ2NjJhZGU4MDQifQ==\"\n\t\t\tdata-player=\"large\"\n\t\t\tdata-showdesc=\"off\" >\n\t\t\t\t<div>\n\t\t\t\t\t\t\t\t\t\t<div class=\"yotu-wrapper-player\" style=\"width:600px\">\n\t\t\t\t\t\t\t\t\t\t\t\t<div class=\"yotu-player\">\n\t\t\t\t\t\t\t<div class=\"yotu-video-placeholder\" id=\"yotu-player-69d4662b0ff7d\"><\/div>\n\t\t\t\t\t\t<\/div>\n\t\t\t\t\t\t<div class=\"yotu-playing-status\"><\/div>\n\t\t\t\t\t\t\t\t\t\t\t<\/div>\n\n\t\t\t\t\t<div class=\"yotu-videos yotu-mode-grid yotu-column-3 yotu-player-mode-large\">\n\t<ul>\n\t\t\t\t\t<li class=\" yotu-first\">\n\t\t\t\t\t\t\t\t<a href=\"#PkBhtU1W2m4\" class=\"yotu-video\" data-videoid=\"PkBhtU1W2m4\" data-title=\"GAMLP Dia Verde 2\" title=\"GAMLP Dia Verde 2\">\n\t\t\t\t\t<div class=\"yotu-video-thumb-wrp\">\n\t\t\t\t\t\t<div>\n\t\t\t\t\t\t\t\t\t\t\t\t\t\t<img decoding=\"async\" class=\"yotu-video-thumb\" src=\"https:\/\/i.ytimg.com\/vi\/PkBhtU1W2m4\/sddefault.jpg\" alt=\"GAMLP Dia Verde 2\">\t\n\t\t\t\t\t\t\t\t\t\t\t\t\t<\/div>\n\t\t\t\t\t<\/div>\n\t\t\t\t\t\t\t\t\t\t\t\t\t\t\t\t\t\t\t<\/a>\n\t\t\t\t\t\t\t<\/li>\n\t\t\t\t\n\t\t\t\t\t\t<li class=\"\">\n\t\t\t\t\t\t\t\t<a href=\"#IAKu0dsmiCo\" class=\"yotu-video\" data-videoid=\"IAKu0dsmiCo\" data-title=\"GAMLP Dia Verde 3\" title=\"GAMLP Dia Verde 3\">\n\t\t\t\t\t<div class=\"yotu-video-thumb-wrp\">\n\t\t\t\t\t\t<div>\n\t\t\t\t\t\t\t\t\t\t\t\t\t\t<img decoding=\"async\" class=\"yotu-video-thumb\" src=\"https:\/\/i.ytimg.com\/vi\/IAKu0dsmiCo\/sddefault.jpg\" alt=\"GAMLP Dia Verde 3\">\t\n\t\t\t\t\t\t\t\t\t\t\t\t\t<\/div>\n\t\t\t\t\t<\/div>\n\t\t\t\t\t\t\t\t\t\t\t\t\t\t\t\t\t\t\t<\/a>\n\t\t\t\t\t\t\t<\/li>\n\t\t\t\t\n\t\t\t\t\t\t<li class=\" yotu-last\">\n\t\t\t\t\t\t\t\t<a href=\"#6crw_xgHNEs\" class=\"yotu-video\" data-videoid=\"6crw_xgHNEs\" data-title=\"GAMLP Dia Verde 1\" title=\"GAMLP Dia Verde 1\">\n\t\t\t\t\t<div class=\"yotu-video-thumb-wrp\">\n\t\t\t\t\t\t<div>\n\t\t\t\t\t\t\t\t\t\t\t\t\t\t<img decoding=\"async\" class=\"yotu-video-thumb\" src=\"https:\/\/i.ytimg.com\/vi\/6crw_xgHNEs\/sddefault.jpg\" alt=\"GAMLP Dia Verde 1\">\t\n\t\t\t\t\t\t\t\t\t\t\t\t\t<\/div>\n\t\t\t\t\t<\/div>\n\t\t\t\t\t\t\t\t\t\t\t\t\t\t\t\t\t\t\t<\/a>\n\t\t\t\t\t\t\t<\/li>\n\t\t\t\t\n\t\t\t\t<\/ul>\n<\/div>\t\t\t\t<\/div>\n\t\t\t<\/div>\n\t\t\t<\/div>\n\t\t\t\t\t\t<\/div>\n\t\t\t\t<\/div>\n\t\t\t\t<\/div>\n\t\t\t\t\t<\/div>\n\t\t\t\t<\/div>\n\t\t\t\t<\/div>\n\t\t","protected":false},"excerpt":{"rendered":"<p>Dia Mundial del Reciclaje STAND Dia Mundial del Reciclaje Dia Mundial del Reciclaje GAMLP Galer\u00eda de Im\u00e1genes Dia Verde Galer\u00eda de Videos Dia Verde GAMLP \u00a1No dudes en conectarte! Brochure Contactanos GAMLP Servicio Universitario Circular + GAMLP<\/p>\n","protected":false},"author":2,"featured_media":0,"parent":0,"menu_order":0,"comment_status":"closed","ping_status":"closed","template":"","meta":{"footnotes":""},"class_list":["post-152","page","type-page","status-publish","hentry"],"_links":{"self":[{"href":"https:\/\/serviciocircular.umsa.bo\/index.php\/wp-json\/wp\/v2\/pages\/152","targetHints":{"allow":["GET"]}}],"collection":[{"href":"https:\/\/serviciocircular.umsa.bo\/index.php\/wp-json\/wp\/v2\/pages"}],"about":[{"href":"https:\/\/serviciocircular.umsa.bo\/index.php\/wp-json\/wp\/v2\/types\/page"}],"author":[{"embeddable":true,"href":"https:\/\/serviciocircular.umsa.bo\/index.php\/wp-json\/wp\/v2\/users\/2"}],"replies":[{"embeddable":true,"href":"https:\/\/serviciocircular.umsa.bo\/index.php\/wp-json\/wp\/v2\/comments?post=152"}],"version-history":[{"count":16,"href":"https:\/\/serviciocircular.umsa.bo\/index.php\/wp-json\/wp\/v2\/pages\/152\/revisions"}],"predecessor-version":[{"id":175,"href":"https:\/\/serviciocircular.umsa.bo\/index.php\/wp-json\/wp\/v2\/pages\/152\/revisions\/175"}],"wp:attachment":[{"href":"https:\/\/serviciocircular.umsa.bo\/index.php\/wp-json\/wp\/v2\/media?parent=152"}],"curies":[{"name":"wp","href":"https:\/\/api.w.org\/{rel}","templated":true}]}}